{"id":2,"date":"2013-04-08T09:44:30","date_gmt":"2013-04-08T09:44:30","guid":{"rendered":"http:\/\/www.modernekunst.at\/?page_id=2"},"modified":"2016-01-25T10:12:03","modified_gmt":"2016-01-25T10:12:03","slug":"about","status":"publish","type":"page","link":"http:\/\/rbagri.com\/?page_id=2&amp;lang=de","title":{"rendered":"\u00dcber uns"},"content":{"rendered":"<p>Die R&amp; B agri GmbH ist ein junges und innovatives Unternehmen, welches 2011 gegr\u00fcndet wurde.<\/p>\n<p>Das Kerngesch\u00e4ft besteht aus dem Handel und der Vermittlung von Agrarprodukten in der Futtermittelindustrie. Langj\u00e4hrige Erfahrung und internationale Kontakte erm\u00f6glichen es uns als zuverl\u00e4ssiger Gesch\u00e4ftspartner f\u00fcr Sie aufzutreten.<\/p>\n<p>Dar\u00fcber hinaus bieten wir Ihnen auch gerne unsere Dienste in Form von Konsulentent\u00e4tigkeiten an. Aufgrund unserer fundierten Kenntnisse im Agrarbereich auf den Gebieten Einkauf, Verkauf, Logistik und Qualit\u00e4tsmanagement ist es uns m\u00f6glich, zufriedenstellende L\u00f6sungen f\u00fcr Sie zu erarbeiten.<\/p>\n","protected":false},"excerpt":{"rendered":"<p>Die R&amp; B agri GmbH ist ein junges und innovatives Unternehmen, welches 2011 gegr\u00fcndet wurde. Das Kerngesch\u00e4ft besteht aus dem Handel und der Vermittlung von Agrarprodukten in der Futtermittelindustrie. Langj\u00e4hrige Erfahrung und internationale Kontakte erm\u00f6glichen es uns als zuverl\u00e4ssiger Gesch\u00e4ftspartner<\/p>\n","protected":false},"author":3,"featured_media":0,"parent":0,"menu_order":0,"comment_status":"closed","ping_status":"closed","template":"","meta":{"footnotes":""},"class_list":["post-2","page","type-page","status-publish","hentry"],"_links":{"self":[{"href":"http:\/\/rbagri.com\/index.php?rest_route=\/wp\/v2\/pages\/2","targetHints":{"allow":["GET"]}}],"collection":[{"href":"http:\/\/rbagri.com\/index.php?rest_route=\/wp\/v2\/pages"}],"about":[{"href":"http:\/\/rbagri.com\/index.php?rest_route=\/wp\/v2\/types\/page"}],"author":[{"embeddable":true,"href":"http:\/\/rbagri.com\/index.php?rest_route=\/wp\/v2\/users\/3"}],"replies":[{"embeddable":true,"href":"http:\/\/rbagri.com\/index.php?rest_route=%2Fwp%2Fv2%2Fcomments&post=2"}],"version-history":[{"count":9,"href":"http:\/\/rbagri.com\/index.php?rest_route=\/wp\/v2\/pages\/2\/revisions"}],"predecessor-version":[{"id":167,"href":"http:\/\/rbagri.com\/index.php?rest_route=\/wp\/v2\/pages\/2\/revisions\/167"}],"wp:attachment":[{"href":"http:\/\/rbagri.com\/index.php?rest_route=%2Fwp%2Fv2%2Fmedia&parent=2"}],"curies":[{"name":"wp","href":"https:\/\/api.w.org\/{rel}","templated":true}]}}